{"id":65,"date":"2022-10-18T09:56:48","date_gmt":"2022-10-18T07:56:48","guid":{"rendered":"https:\/\/edenvet.be\/?page_id=65"},"modified":"2022-11-30T13:20:00","modified_gmt":"2022-11-30T12:20:00","slug":"contacts","status":"publish","type":"page","link":"https:\/\/edenvet.be\/?page_id=65","title":{"rendered":"Contacts"},"content":{"rendered":"\n<p class=\"has-text-color has-large-font-size\" style=\"color:#cdd500\"><strong>EDENVET<\/strong><\/p>\n\n\n\n<div class=\"wp-block-columns is-layout-flex wp-container-core-columns-is-layout-9d6595d7 wp-block-columns-is-layout-flex\">\n<div class=\"wp-block-column is-layout-flow wp-block-column-is-layout-flow\" style=\"flex-basis:100%\">\n<p>Rue de Goz\u00e9e 572, 6110 Montigny-le-tilleul<\/p>\n\n\n\n<p style=\"font-size:16px\"><strong>071 51 16 93<\/strong> \/ <a href=\"mailto:delbaen.f@skynet.be\">delbaen.f@skynet.be<\/a><\/p>\n<\/div>\n<\/div>\n\n\n\n<p>Ouvert du lundi au vendredi de 8h30 \u00e0 18h30 (fermeture de 13h00 \u00e0 14h00)<\/p>\n\n\n\n<p><strong>Consultations uniquement sur rendez-vous<\/strong> par t\u00e9l\u00e9phone au&nbsp;<strong>071 51 16 93<\/strong><\/p>\n\n\n\n<iframe src=\"https:\/\/www.google.com\/maps\/embed?pb=!1m14!1m8!1m3!1d10179.44275610814!2d4.3644229!3d50.3691521!3m2!1i1024!2i768!4f13.1!3m3!1m2!1s0x0%3A0xe7bb66237ce65581!2sDelbaen%20Fabienne!5e0!3m2!1sfr!2sbe!4v1666080279689!5m2!1sfr!2sbe\" width=\"600\" height=\"450\" style=\"border:0;\" allowfullscreen=\"\" loading=\"lazy\" referrerpolicy=\"no-referrer-when-downgrade\"><\/iframe>\n\n\n\n<p><\/p>\n\n\n\n<p class=\"has-small-font-size\">Si\u00e8ge social : Rue De Goz\u00e9e 572, 6110 Montigny-Le-Tilleul \/ TVA be0764 936 357<\/p>\n","protected":false},"excerpt":{"rendered":"<p>EDENVET Rue de Goz\u00e9e 572, 6110 Montigny-le-tilleul 071 51 16 93 \/ delbaen.f@skynet.be Ouvert du lundi au vendredi de 8h30 \u00e0 18h30 (fermeture de 13h00 \u00e0 14h00) Consultations uniquement sur rendez-vous par t\u00e9l\u00e9phone au&nbsp;071 51 16 93 Si\u00e8ge social : Rue De Goz\u00e9e 572, 6110 Montigny-Le-Tilleul \/ TVA be0764 936 357<\/p>\n","protected":false},"author":1,"featured_media":0,"parent":0,"menu_order":0,"comment_status":"closed","ping_status":"closed","template":"","meta":{"_themeisle_gutenberg_block_has_review":false,"footnotes":""},"class_list":["post-65","page","type-page","status-publish","hentry"],"_links":{"self":[{"href":"https:\/\/edenvet.be\/index.php?rest_route=\/wp\/v2\/pages\/65","targetHints":{"allow":["GET"]}}],"collection":[{"href":"https:\/\/edenvet.be\/index.php?rest_route=\/wp\/v2\/pages"}],"about":[{"href":"https:\/\/edenvet.be\/index.php?rest_route=\/wp\/v2\/types\/page"}],"author":[{"embeddable":true,"href":"https:\/\/edenvet.be\/index.php?rest_route=\/wp\/v2\/users\/1"}],"replies":[{"embeddable":true,"href":"https:\/\/edenvet.be\/index.php?rest_route=%2Fwp%2Fv2%2Fcomments&post=65"}],"version-history":[{"count":15,"href":"https:\/\/edenvet.be\/index.php?rest_route=\/wp\/v2\/pages\/65\/revisions"}],"predecessor-version":[{"id":339,"href":"https:\/\/edenvet.be\/index.php?rest_route=\/wp\/v2\/pages\/65\/revisions\/339"}],"wp:attachment":[{"href":"https:\/\/edenvet.be\/index.php?rest_route=%2Fwp%2Fv2%2Fmedia&parent=65"}],"curies":[{"name":"wp","href":"https:\/\/api.w.org\/{rel}","templated":true}]}}