{"id":64,"date":"2022-10-18T09:56:48","date_gmt":"2022-10-18T07:56:48","guid":{"rendered":"https:\/\/edenvet.be\/?page_id=64"},"modified":"2024-02-23T20:47:32","modified_gmt":"2024-02-23T19:47:32","slug":"a-propos","status":"publish","type":"page","link":"https:\/\/edenvet.be\/?page_id=64","title":{"rendered":"\u00c9quipe"},"content":{"rendered":"\n<p class=\"has-text-color has-large-font-size\" style=\"color:#cdd500\"><strong>\u00c9QUIPE<\/strong><\/p>\n\n\n\n<div class=\"wp-block-columns alignwide is-layout-flex wp-container-core-columns-is-layout-9d6595d7 wp-block-columns-is-layout-flex\">\n<div class=\"wp-block-column has-white-color has-text-color has-background has-link-color wp-elements-675850cc748a02787f69031e60f56620 is-layout-flow wp-block-column-is-layout-flow\" style=\"background-color:#c48cb6;padding-top:2em;padding-right:2em;padding-bottom:2em;padding-left:2em\">\n<figure class=\"wp-block-image size-full\"><img loading=\"lazy\" decoding=\"async\" width=\"950\" height=\"950\" src=\"https:\/\/edenvet.be\/wp-content\/uploads\/2022\/11\/fabienne-retouche.png\" alt=\"\" class=\"wp-image-178\" srcset=\"https:\/\/edenvet.be\/wp-content\/uploads\/2022\/11\/fabienne-retouche.png 950w, https:\/\/edenvet.be\/wp-content\/uploads\/2022\/11\/fabienne-retouche-300x300.png 300w, https:\/\/edenvet.be\/wp-content\/uploads\/2022\/11\/fabienne-retouche-150x150.png 150w, https:\/\/edenvet.be\/wp-content\/uploads\/2022\/11\/fabienne-retouche-768x768.png 768w, https:\/\/edenvet.be\/wp-content\/uploads\/2022\/11\/fabienne-retouche-370x370.png 370w, https:\/\/edenvet.be\/wp-content\/uploads\/2022\/11\/fabienne-retouche-760x760.png 760w\" sizes=\"auto, (max-width: 950px) 100vw, 950px\" \/><\/figure>\n\n\n\n<h2 class=\"wp-block-heading\" id=\"single\" style=\"font-size:18px;font-style:normal;font-weight:500;text-transform:uppercase\"><strong>Dr Delbaen Fabienne<\/strong>&nbsp;<\/h2>\n\n\n\n<p style=\"font-size:16px;line-height:1.5\"><strong>V\u00e9t\u00e9rinaire<\/strong><\/p>\n\n\n\n<p class=\"has-small-font-size\">Fondatrice du cabinet, exerce depuis plus de 30 ans.<\/p>\n\n\n\n<div class=\"wp-block-buttons alignfull is-horizontal is-content-justification-center is-layout-flex wp-container-core-buttons-is-layout-499968f5 wp-block-buttons-is-layout-flex\"><\/div>\n<\/div>\n\n\n\n<div class=\"wp-block-column has-white-color has-text-color has-background has-link-color wp-elements-3f473d7353c68e3a43a4ea592652c093 is-layout-flow wp-block-column-is-layout-flow\" style=\"background-color:#c48bb6;padding-top:2em;padding-right:2em;padding-bottom:2em;padding-left:2em\">\n<figure class=\"wp-block-image size-full\"><img loading=\"lazy\" decoding=\"async\" width=\"950\" height=\"950\" src=\"https:\/\/edenvet.be\/wp-content\/uploads\/2022\/11\/Margaux-retouche.png\" alt=\"\" class=\"wp-image-179\" srcset=\"https:\/\/edenvet.be\/wp-content\/uploads\/2022\/11\/Margaux-retouche.png 950w, https:\/\/edenvet.be\/wp-content\/uploads\/2022\/11\/Margaux-retouche-300x300.png 300w, https:\/\/edenvet.be\/wp-content\/uploads\/2022\/11\/Margaux-retouche-150x150.png 150w, https:\/\/edenvet.be\/wp-content\/uploads\/2022\/11\/Margaux-retouche-768x768.png 768w, https:\/\/edenvet.be\/wp-content\/uploads\/2022\/11\/Margaux-retouche-370x370.png 370w, https:\/\/edenvet.be\/wp-content\/uploads\/2022\/11\/Margaux-retouche-760x760.png 760w\" sizes=\"auto, (max-width: 950px) 100vw, 950px\" \/><\/figure>\n\n\n\n<h2 class=\"wp-block-heading\" id=\"single\" style=\"font-size:18px;font-style:normal;font-weight:500;text-transform:uppercase\"><strong>Dr Baert Margaux&nbsp;<\/strong><\/h2>\n\n\n\n<p style=\"font-size:16px;line-height:1.5\"><strong>V\u00e9t\u00e9rinaire<\/strong><\/p>\n\n\n\n<p class=\"has-small-font-size\">Elle a rejoint l\u2019\u00e9quipe en 2018, sp\u00e9cialiste NAC.<\/p>\n\n\n\n<div class=\"wp-block-buttons alignfull is-horizontal is-content-justification-center is-layout-flex wp-container-core-buttons-is-layout-499968f5 wp-block-buttons-is-layout-flex\"><\/div>\n<\/div>\n\n\n\n<div class=\"wp-block-column has-white-color has-text-color has-background has-link-color wp-elements-89a1ef0dcb283843a44fd7f4eedeb36c is-layout-flow wp-block-column-is-layout-flow\" style=\"background-color:#c48cb6;padding-top:2em;padding-right:2em;padding-bottom:2em;padding-left:2em\">\n<figure class=\"wp-block-image size-full\"><img loading=\"lazy\" decoding=\"async\" width=\"950\" height=\"950\" src=\"https:\/\/edenvet.be\/wp-content\/uploads\/2024\/01\/Bury.png\" alt=\"\" class=\"wp-image-473\" srcset=\"https:\/\/edenvet.be\/wp-content\/uploads\/2024\/01\/Bury.png 950w, https:\/\/edenvet.be\/wp-content\/uploads\/2024\/01\/Bury-300x300.png 300w, https:\/\/edenvet.be\/wp-content\/uploads\/2024\/01\/Bury-150x150.png 150w, https:\/\/edenvet.be\/wp-content\/uploads\/2024\/01\/Bury-768x768.png 768w, https:\/\/edenvet.be\/wp-content\/uploads\/2024\/01\/Bury-370x370.png 370w, https:\/\/edenvet.be\/wp-content\/uploads\/2024\/01\/Bury-760x760.png 760w\" sizes=\"auto, (max-width: 950px) 100vw, 950px\" \/><\/figure>\n\n\n\n<h2 class=\"wp-block-heading\" style=\"font-size:18px\"><strong><strong>DR BURY CAMILLE <\/strong><\/strong><\/h2>\n\n\n\n<p style=\"font-size:16px;line-height:1.5\"><strong><strong><strong><strong>V\u00e9t\u00e9rinaire<\/strong><\/strong><\/strong><\/strong><\/p>\n\n\n\n<p class=\"has-small-font-size\">Elle a rejoint l\u2019\u00e9quipe en 2023.<\/p>\n\n\n\n<div class=\"wp-block-buttons alignfull is-horizontal is-content-justification-center is-layout-flex wp-container-core-buttons-is-layout-499968f5 wp-block-buttons-is-layout-flex\"><\/div>\n<\/div>\n<\/div>\n\n\n\n<div class=\"wp-block-columns alignwide is-layout-flex wp-container-core-columns-is-layout-9d6595d7 wp-block-columns-is-layout-flex\">\n<div class=\"wp-block-column has-white-color has-text-color has-background has-link-color wp-elements-4094651dacec32d96039ed2f86e7bfd1 is-layout-flow wp-block-column-is-layout-flow\" style=\"background-color:#c48cb6;padding-top:2em;padding-right:2em;padding-bottom:2em;padding-left:2em\">\n<figure class=\"wp-block-image size-full\"><img loading=\"lazy\" decoding=\"async\" width=\"950\" height=\"950\" src=\"https:\/\/edenvet.be\/wp-content\/uploads\/2022\/11\/Steph-recadree2.png\" alt=\"\" class=\"wp-image-177\" srcset=\"https:\/\/edenvet.be\/wp-content\/uploads\/2022\/11\/Steph-recadree2.png 950w, https:\/\/edenvet.be\/wp-content\/uploads\/2022\/11\/Steph-recadree2-300x300.png 300w, https:\/\/edenvet.be\/wp-content\/uploads\/2022\/11\/Steph-recadree2-150x150.png 150w, https:\/\/edenvet.be\/wp-content\/uploads\/2022\/11\/Steph-recadree2-768x768.png 768w, https:\/\/edenvet.be\/wp-content\/uploads\/2022\/11\/Steph-recadree2-370x370.png 370w, https:\/\/edenvet.be\/wp-content\/uploads\/2022\/11\/Steph-recadree2-760x760.png 760w\" sizes=\"auto, (max-width: 950px) 100vw, 950px\" \/><\/figure>\n\n\n\n<h2 class=\"wp-block-heading\" id=\"single\" style=\"font-size:18px;text-transform:uppercase\"><strong>Dr Vandesteene St\u00e9phanie<\/strong><\/h2>\n\n\n\n<p style=\"font-size:16px;line-height:1.5\"><strong><strong>V\u00e9t\u00e9rinaire<\/strong><\/strong><\/p>\n\n\n\n<p class=\"has-small-font-size\">Elle a rejoint l\u2019\u00e9quipe en 2006.<\/p>\n\n\n\n<div class=\"wp-block-buttons alignfull is-horizontal is-content-justification-center is-layout-flex wp-container-core-buttons-is-layout-499968f5 wp-block-buttons-is-layout-flex\"><\/div>\n<\/div>\n\n\n\n<div class=\"wp-block-column has-white-color has-text-color has-background has-link-color wp-elements-e284c6db7d44fb4da70e8807ff68a6ac is-layout-flow wp-block-column-is-layout-flow\" style=\"background-color:#c48cb6;padding-top:2em;padding-right:2em;padding-bottom:2em;padding-left:2em\">\n<figure class=\"wp-block-image size-full\"><img loading=\"lazy\" decoding=\"async\" width=\"950\" height=\"950\" src=\"https:\/\/edenvet.be\/wp-content\/uploads\/2022\/11\/Luc-retouche-1.png\" alt=\"\" class=\"wp-image-183\" srcset=\"https:\/\/edenvet.be\/wp-content\/uploads\/2022\/11\/Luc-retouche-1.png 950w, https:\/\/edenvet.be\/wp-content\/uploads\/2022\/11\/Luc-retouche-1-300x300.png 300w, https:\/\/edenvet.be\/wp-content\/uploads\/2022\/11\/Luc-retouche-1-150x150.png 150w, https:\/\/edenvet.be\/wp-content\/uploads\/2022\/11\/Luc-retouche-1-768x768.png 768w, https:\/\/edenvet.be\/wp-content\/uploads\/2022\/11\/Luc-retouche-1-370x370.png 370w, https:\/\/edenvet.be\/wp-content\/uploads\/2022\/11\/Luc-retouche-1-760x760.png 760w\" sizes=\"auto, (max-width: 950px) 100vw, 950px\" \/><\/figure>\n\n\n\n<h2 class=\"wp-block-heading\" id=\"family\" style=\"font-size:18px;text-transform:uppercase\"><strong>Dr Verhellen Luc&nbsp;<\/strong><\/h2>\n\n\n\n<p style=\"font-size:16px;line-height:1.5\"><strong><strong>V\u00e9t\u00e9rinaire<\/strong><\/strong><\/p>\n\n\n\n<p class=\"has-small-font-size\">Il a rejoint l\u2019\u00e9quipe en 2021, il assure nos remplacements au cabinet.<\/p>\n\n\n\n<div class=\"wp-block-columns is-layout-flex wp-container-core-columns-is-layout-9d6595d7 wp-block-columns-is-layout-flex\">\n<div class=\"wp-block-column is-layout-flow wp-block-column-is-layout-flow\" style=\"flex-basis:100%\"><\/div>\n<\/div>\n\n\n\n<div class=\"wp-block-buttons alignfull is-horizontal is-content-justification-center is-layout-flex wp-container-core-buttons-is-layout-499968f5 wp-block-buttons-is-layout-flex\"><\/div>\n<\/div>\n\n\n\n<div class=\"wp-block-column has-white-color has-text-color has-background has-link-color wp-elements-420d5ffaaf75467331631ce650def759 is-layout-flow wp-block-column-is-layout-flow\" style=\"background-color:#c48cb6;padding-top:2em;padding-right:2em;padding-bottom:2em;padding-left:2em\">\n<figure class=\"wp-block-image size-full\"><img loading=\"lazy\" decoding=\"async\" width=\"950\" height=\"950\" src=\"https:\/\/edenvet.be\/wp-content\/uploads\/2022\/11\/Jeff-retouche.png\" alt=\"\" class=\"wp-image-175\" srcset=\"https:\/\/edenvet.be\/wp-content\/uploads\/2022\/11\/Jeff-retouche.png 950w, https:\/\/edenvet.be\/wp-content\/uploads\/2022\/11\/Jeff-retouche-300x300.png 300w, https:\/\/edenvet.be\/wp-content\/uploads\/2022\/11\/Jeff-retouche-150x150.png 150w, https:\/\/edenvet.be\/wp-content\/uploads\/2022\/11\/Jeff-retouche-768x768.png 768w, https:\/\/edenvet.be\/wp-content\/uploads\/2022\/11\/Jeff-retouche-370x370.png 370w, https:\/\/edenvet.be\/wp-content\/uploads\/2022\/11\/Jeff-retouche-760x760.png 760w\" sizes=\"auto, (max-width: 950px) 100vw, 950px\" \/><\/figure>\n\n\n\n<h2 class=\"wp-block-heading\" id=\"family\" style=\"font-size:18px;text-transform:uppercase\"><strong>Jefferson&nbsp;<\/strong><\/h2>\n\n\n\n<p><\/p>\n\n\n\n<p style=\"font-size:16px\"><strong>Assistante<\/strong> <strong>v\u00e9t\u00e9rinaire<\/strong><\/p>\n\n\n\n<p class=\"has-small-font-size\">Elle a rejoint \u00e9quipe en 2020, titulaire d\u2019un bachelier agronomie orientation technologie animali\u00e8re.<\/p>\n\n\n\n<div class=\"wp-block-buttons alignfull is-horizontal is-content-justification-center is-layout-flex wp-container-core-buttons-is-layout-499968f5 wp-block-buttons-is-layout-flex\"><\/div>\n<\/div>\n<\/div>\n\n\n\n<div class=\"wp-block-columns is-layout-flex wp-container-core-columns-is-layout-9d6595d7 wp-block-columns-is-layout-flex\">\n<div class=\"wp-block-column has-white-color has-text-color has-background has-link-color wp-elements-fc9212301119633a4df158bae0a0f112 is-layout-flow wp-block-column-is-layout-flow\" style=\"background-color:#c48cb6;padding-top:2em;padding-right:2em;padding-bottom:2em;padding-left:2em\">\n<figure class=\"wp-block-image size-full\"><img loading=\"lazy\" decoding=\"async\" width=\"950\" height=\"950\" src=\"https:\/\/edenvet.be\/wp-content\/uploads\/2024\/01\/Gwen.png\" alt=\"\" class=\"wp-image-472\" srcset=\"https:\/\/edenvet.be\/wp-content\/uploads\/2024\/01\/Gwen.png 950w, https:\/\/edenvet.be\/wp-content\/uploads\/2024\/01\/Gwen-300x300.png 300w, https:\/\/edenvet.be\/wp-content\/uploads\/2024\/01\/Gwen-150x150.png 150w, https:\/\/edenvet.be\/wp-content\/uploads\/2024\/01\/Gwen-768x768.png 768w, https:\/\/edenvet.be\/wp-content\/uploads\/2024\/01\/Gwen-370x370.png 370w, https:\/\/edenvet.be\/wp-content\/uploads\/2024\/01\/Gwen-760x760.png 760w\" sizes=\"auto, (max-width: 950px) 100vw, 950px\" \/><\/figure>\n\n\n\n<h3 class=\"wp-block-heading\" style=\"font-size:18px\"><strong><strong>GWENDOLYNE<\/strong><\/strong><\/h3>\n\n\n\n<p><strong><strong><strong>Assistante<\/strong> <strong>v\u00e9t\u00e9rinaire<\/strong><\/strong><\/strong><\/p>\n\n\n\n<p class=\"has-small-font-size\">Elle a rejoint \u00e9quipe en 2023, titulaire d\u2019un bachelier agronomie orientation technologie animali\u00e8re.<\/p>\n<\/div>\n\n\n\n<div class=\"wp-block-column has-white-color has-text-color has-background has-link-color wp-elements-56d49c9b2024a3bd09acbc61d1dadd37 is-layout-flow wp-block-column-is-layout-flow\" style=\"background-color:#c48cb6;padding-top:2em;padding-right:2em;padding-bottom:2em;padding-left:2em\">\n<figure class=\"wp-block-image size-full\"><img loading=\"lazy\" decoding=\"async\" width=\"950\" height=\"950\" src=\"https:\/\/edenvet.be\/wp-content\/uploads\/2022\/11\/chien-recadre.png\" alt=\"\" class=\"wp-image-249\" srcset=\"https:\/\/edenvet.be\/wp-content\/uploads\/2022\/11\/chien-recadre.png 950w, https:\/\/edenvet.be\/wp-content\/uploads\/2022\/11\/chien-recadre-300x300.png 300w, https:\/\/edenvet.be\/wp-content\/uploads\/2022\/11\/chien-recadre-150x150.png 150w, https:\/\/edenvet.be\/wp-content\/uploads\/2022\/11\/chien-recadre-768x768.png 768w, https:\/\/edenvet.be\/wp-content\/uploads\/2022\/11\/chien-recadre-370x370.png 370w, https:\/\/edenvet.be\/wp-content\/uploads\/2022\/11\/chien-recadre-760x760.png 760w\" sizes=\"auto, (max-width: 950px) 100vw, 950px\" \/><\/figure>\n\n\n\n<p><\/p>\n\n\n\n<h3 class=\"wp-block-heading\" style=\"font-size:18px\"><strong>GASTON<\/strong><\/h3>\n\n\n\n<p><strong>Aide-soignant en chef<\/strong><\/p>\n\n\n\n<p class=\"has-small-font-size\">Wouf wouf !<\/p>\n<\/div>\n\n\n\n<div class=\"wp-block-column has-white-color has-white-background-color has-text-color has-background has-link-color wp-elements-6a1efec79d882abb9eb1f7906e751628 is-layout-flow wp-block-column-is-layout-flow\" style=\"padding-top:2em;padding-right:2em;padding-bottom:2em;padding-left:2em\">\n<p><\/p>\n<\/div>\n<\/div>\n\n\n\n<div class=\"wp-block-columns alignwide is-layout-flex wp-container-core-columns-is-layout-9d6595d7 wp-block-columns-is-layout-flex\">\n<div class=\"wp-block-column has-white-color has-white-background-color has-text-color has-background has-link-color wp-elements-3b79553342883e167c218a64553e2643 is-layout-flow wp-block-column-is-layout-flow\" style=\"padding-top:2em;padding-right:2em;padding-bottom:2em;padding-left:2em\">\n<h2 class=\"wp-block-heading\" id=\"patron\" style=\"font-size:40px\"><\/h2>\n\n\n\n<p class=\"has-normal-font-size\"><\/p>\n\n\n\n<div class=\"wp-block-buttons alignfull is-horizontal is-content-justification-center is-layout-flex wp-container-core-buttons-is-layout-499968f5 wp-block-buttons-is-layout-flex\"><\/div>\n\n\n\n<ul class=\"has-normal-font-size wp-block-list\">\n<li><\/li>\n<\/ul>\n<\/div>\n<\/div>\n","protected":false},"excerpt":{"rendered":"<p>\u00c9QUIPE Dr Delbaen Fabienne&nbsp; V\u00e9t\u00e9rinaire Fondatrice du cabinet, exerce depuis plus de 30 ans. Dr Baert Margaux&nbsp; V\u00e9t\u00e9rinaire Elle a rejoint l\u2019\u00e9quipe en 2018, sp\u00e9cialiste NAC. DR BURY CAMILLE V\u00e9t\u00e9rinaire Elle a rejoint l\u2019\u00e9quipe en 2023. Dr Vandesteene St\u00e9phanie V\u00e9t\u00e9rinaire Elle a rejoint l\u2019\u00e9quipe en 2006. Dr Verhellen Luc&nbsp; V\u00e9t\u00e9rinaire Il a rejoint l\u2019\u00e9quipe en 2021, il assure nos remplacements&hellip;<\/p>\n","protected":false},"author":1,"featured_media":0,"parent":0,"menu_order":0,"comment_status":"closed","ping_status":"closed","template":"","meta":{"_themeisle_gutenberg_block_has_review":false,"footnotes":""},"class_list":["post-64","page","type-page","status-publish","hentry"],"_links":{"self":[{"href":"https:\/\/edenvet.be\/index.php?rest_route=\/wp\/v2\/pages\/64","targetHints":{"allow":["GET"]}}],"collection":[{"href":"https:\/\/edenvet.be\/index.php?rest_route=\/wp\/v2\/pages"}],"about":[{"href":"https:\/\/edenvet.be\/index.php?rest_route=\/wp\/v2\/types\/page"}],"author":[{"embeddable":true,"href":"https:\/\/edenvet.be\/index.php?rest_route=\/wp\/v2\/users\/1"}],"replies":[{"embeddable":true,"href":"https:\/\/edenvet.be\/index.php?rest_route=%2Fwp%2Fv2%2Fcomments&post=64"}],"version-history":[{"count":36,"href":"https:\/\/edenvet.be\/index.php?rest_route=\/wp\/v2\/pages\/64\/revisions"}],"predecessor-version":[{"id":497,"href":"https:\/\/edenvet.be\/index.php?rest_route=\/wp\/v2\/pages\/64\/revisions\/497"}],"wp:attachment":[{"href":"https:\/\/edenvet.be\/index.php?rest_route=%2Fwp%2Fv2%2Fmedia&parent=64"}],"curies":[{"name":"wp","href":"https:\/\/api.w.org\/{rel}","templated":true}]}}